{"id":4921,"date":"2022-05-05T14:36:52","date_gmt":"2022-05-05T12:36:52","guid":{"rendered":"https:\/\/leadmotor.dk\/?page_id=4921"},"modified":"2026-02-04T15:57:43","modified_gmt":"2026-02-04T14:57:43","slug":"strategimoede","status":"publish","type":"page","link":"https:\/\/leadmotor.dk\/en\/strategimoede\/","title":{"rendered":"Strategim\u00f8de"},"content":{"rendered":"<div data-elementor-type=\"wp-page\" data-elementor-id=\"4921\" class=\"elementor elementor-4921\" data-elementor-post-type=\"page\">\n\t\t\t\t\t\t<section class=\"elementor-section elementor-top-section elementor-element elementor-element-55c0ea1 elementor-section-full_width elementor-reverse-tablet elementor-reverse-mobile elementor-section-height-default elementor-section-height-default\" data-id=\"55c0ea1\" data-element_type=\"section\" data-e-type=\"section\" data-settings=\"{&quot;background_background&quot;:&quot;classic&quot;}\">\n\t\t\t\t\t\t<div class=\"elementor-container elementor-column-gap-default\">\n\t\t\t\t\t<div class=\"elementor-column elementor-col-100 elementor-top-column elementor-element elementor-element-2eeea58 elementor-hidden-desktop\" data-id=\"2eeea58\" data-element_type=\"column\" data-e-type=\"column\" data-settings=\"{&quot;background_background&quot;:&quot;classic&quot;}\">\n\t\t\t<div class=\"elementor-widget-wrap elementor-element-populated\">\n\t\t\t\t\t\t<section class=\"elementor-section elementor-inner-section elementor-element elementor-element-a26b92a elementor-section-boxed elementor-section-height-default elementor-section-height-default\" data-id=\"a26b92a\" data-element_type=\"section\" data-e-type=\"section\">\n\t\t\t\t\t\t<div class=\"elementor-container elementor-column-gap-default\">\n\t\t\t\t\t<div class=\"elementor-column elementor-col-100 elementor-inner-column elementor-element elementor-element-6a6307a\" data-id=\"6a6307a\" data-element_type=\"column\" data-e-type=\"column\">\n\t\t\t<div class=\"elementor-widget-wrap elementor-element-populated\">\n\t\t\t\t\t\t<div class=\"elementor-element elementor-element-c8735e9 elementor-widget elementor-widget-heading\" data-id=\"c8735e9\" data-element_type=\"widget\" data-e-type=\"widget\" data-widget_type=\"heading.default\">\n\t\t\t\t<div class=\"elementor-widget-container\">\n\t\t\t\t\t<h1 class=\"elementor-heading-title elementor-size-default\">Book a strategy meeting<\/h1>\t\t\t\t<\/div>\n\t\t\t\t<\/div>\n\t\t\t\t<div class=\"elementor-element elementor-element-ed2a737 elementor-widget elementor-widget-heading\" data-id=\"ed2a737\" data-element_type=\"widget\" data-e-type=\"widget\" data-widget_type=\"heading.default\">\n\t\t\t\t<div class=\"elementor-widget-container\">\n\t\t\t\t\t<div class=\"elementor-heading-title elementor-size-default\">Det er gratis og uforpligtende<\/div>\t\t\t\t<\/div>\n\t\t\t\t<\/div>\n\t\t\t\t<div class=\"elementor-element elementor-element-8edaf1d elementor-widget elementor-widget-html\" data-id=\"8edaf1d\" data-element_type=\"widget\" data-e-type=\"widget\" data-widget_type=\"html.default\">\n\t\t\t\t<div class=\"elementor-widget-container\">\n\t\t\t\t\t<iframe src=\"https:\/\/www.videoask.com\/fuz923jrw\" allow=\"camera *; microphone *; autoplay *; encrypted-media *; fullscreen *; display-capture *;\" width=\"100%\" height=\"1000px\" style=\"border: none; border-radius: 24px\"><\/iframe>\t\t\t\t<\/div>\n\t\t\t\t<\/div>\n\t\t\t\t\t<\/div>\n\t\t<\/div>\n\t\t\t\t\t<\/div>\n\t\t<\/section>\n\t\t\t\t\t<\/div>\n\t\t<\/div>\n\t\t\t\t\t<\/div>\n\t\t<\/section>\n\t\t\t\t<section class=\"elementor-section elementor-top-section elementor-element elementor-element-8eddbef elementor-section-full_width elementor-reverse-tablet elementor-reverse-mobile elementor-section-height-default elementor-section-height-default\" data-id=\"8eddbef\" data-element_type=\"section\" data-e-type=\"section\" data-settings=\"{&quot;background_background&quot;:&quot;classic&quot;}\">\n\t\t\t\t\t\t<div class=\"elementor-container elementor-column-gap-default\">\n\t\t\t\t\t<div class=\"elementor-column elementor-col-100 elementor-top-column elementor-element elementor-element-e25fc71 elementor-hidden-tablet elementor-hidden-mobile\" data-id=\"e25fc71\" data-element_type=\"column\" data-e-type=\"column\" data-settings=\"{&quot;background_background&quot;:&quot;classic&quot;}\">\n\t\t\t<div class=\"elementor-widget-wrap elementor-element-populated\">\n\t\t\t\t\t\t<section class=\"elementor-section elementor-inner-section elementor-element elementor-element-9e023de elementor-section-boxed elementor-section-height-default elementor-section-height-default\" data-id=\"9e023de\" data-element_type=\"section\" data-e-type=\"section\">\n\t\t\t\t\t\t<div class=\"elementor-container elementor-column-gap-default\">\n\t\t\t\t\t<div class=\"elementor-column elementor-col-100 elementor-inner-column elementor-element elementor-element-61a51c3\" data-id=\"61a51c3\" data-element_type=\"column\" data-e-type=\"column\">\n\t\t\t<div class=\"elementor-widget-wrap elementor-element-populated\">\n\t\t\t\t\t\t<div class=\"elementor-element elementor-element-a1dd1e1 elementor-widget elementor-widget-heading\" data-id=\"a1dd1e1\" data-element_type=\"widget\" data-e-type=\"widget\" data-widget_type=\"heading.default\">\n\t\t\t\t<div class=\"elementor-widget-container\">\n\t\t\t\t\t<div class=\"elementor-heading-title elementor-size-default\">Det er gratis og uforpligtende<\/div>\t\t\t\t<\/div>\n\t\t\t\t<\/div>\n\t\t\t\t<div class=\"elementor-element elementor-element-11bb02f elementor-widget elementor-widget-html\" data-id=\"11bb02f\" data-element_type=\"widget\" data-e-type=\"widget\" data-widget_type=\"html.default\">\n\t\t\t\t<div class=\"elementor-widget-container\">\n\t\t\t\t\t<iframe src=\"https:\/\/www.videoask.com\/fuz923jrw\" allow=\"camera *; microphone *; autoplay *; encrypted-media *; fullscreen *; display-capture *;\" width=\"100%\" height=\"1000px\" style=\"border: none; border-radius: 24px\"><\/iframe>\t\t\t\t<\/div>\n\t\t\t\t<\/div>\n\t\t\t\t\t<\/div>\n\t\t<\/div>\n\t\t\t\t\t<\/div>\n\t\t<\/section>\n\t\t\t\t\t<\/div>\n\t\t<\/div>\n\t\t\t\t\t<\/div>\n\t\t<\/section>\n\t\t\t\t<\/div>","protected":false},"excerpt":{"rendered":"<p>Book et strategim\u00f8de Det er gratis og uforpligtende Det er gratis og uforpligtende<\/p>","protected":false},"author":3,"featured_media":0,"parent":0,"menu_order":0,"comment_status":"closed","ping_status":"closed","template":"","meta":{"_acf_changed":false,"footnotes":""},"class_list":["post-4921","page","type-page","status-publish","hentry"],"acf":[],"yoast_head":"<!-- This site is optimized with the Yoast SEO plugin v26.9 - https:\/\/yoast.com\/product\/yoast-seo-wordpress\/ -->\n<title>Strategim\u00f8de - F\u00e5 Fri Sparring om din Virksomheds Marketing<\/title>\n<meta name=\"description\" content=\"F\u00e5 gode strategiske anbefalinger til din markedsf\u00f8ring - Kvit og Frit. V\u00e6lg blot det tidspunkt, der passer dig bedst, s\u00e5 m\u00f8des vi online p\u00e5 Join.me\" \/>\n<meta name=\"robots\" content=\"index, follow, max-snippet:-1, max-image-preview:large, max-video-preview:-1\" \/>\n<link rel=\"canonical\" href=\"https:\/\/leadmotor.dk\/en\/strategimoede\/\" \/>\n<meta property=\"og:locale\" content=\"en_GB\" \/>\n<meta property=\"og:type\" content=\"article\" \/>\n<meta property=\"og:title\" content=\"Strategim\u00f8de - F\u00e5 Fri Sparring om din Virksomheds Marketing\" \/>\n<meta property=\"og:description\" content=\"F\u00e5 gode strategiske anbefalinger til din markedsf\u00f8ring - Kvit og Frit. V\u00e6lg blot det tidspunkt, der passer dig bedst, s\u00e5 m\u00f8des vi online p\u00e5 Join.me\" \/>\n<meta property=\"og:url\" content=\"https:\/\/leadmotor.dk\/en\/strategimoede\/\" \/>\n<meta property=\"og:site_name\" content=\"LeadMotor\u00ae\" \/>\n<meta property=\"article:modified_time\" content=\"2026-02-04T14:57:43+00:00\" \/>\n<meta name=\"twitter:card\" content=\"summary_large_image\" \/>\n<meta name=\"twitter:label1\" content=\"Estimated reading time\" \/>\n\t<meta name=\"twitter:data1\" content=\"1 minute\" \/>\n<script type=\"application\/ld+json\" class=\"yoast-schema-graph\">{\"@context\":\"https:\/\/schema.org\",\"@graph\":[{\"@type\":\"WebPage\",\"@id\":\"https:\/\/leadmotor.dk\/strategimoede\/\",\"url\":\"https:\/\/leadmotor.dk\/strategimoede\/\",\"name\":\"Strategim\u00f8de - F\u00e5 Fri Sparring om din Virksomheds Marketing\",\"isPartOf\":{\"@id\":\"https:\/\/leadmotor.dk\/#website\"},\"datePublished\":\"2022-05-05T12:36:52+00:00\",\"dateModified\":\"2026-02-04T14:57:43+00:00\",\"description\":\"F\u00e5 gode strategiske anbefalinger til din markedsf\u00f8ring - Kvit og Frit. V\u00e6lg blot det tidspunkt, der passer dig bedst, s\u00e5 m\u00f8des vi online p\u00e5 Join.me\",\"breadcrumb\":{\"@id\":\"https:\/\/leadmotor.dk\/strategimoede\/#breadcrumb\"},\"inLanguage\":\"en-GB\",\"potentialAction\":[{\"@type\":\"ReadAction\",\"target\":[\"https:\/\/leadmotor.dk\/strategimoede\/\"]}]},{\"@type\":\"BreadcrumbList\",\"@id\":\"https:\/\/leadmotor.dk\/strategimoede\/#breadcrumb\",\"itemListElement\":[{\"@type\":\"ListItem\",\"position\":1,\"name\":\"Hjem\",\"item\":\"https:\/\/leadmotor.dk\/\"},{\"@type\":\"ListItem\",\"position\":2,\"name\":\"Strategim\u00f8de\"}]},{\"@type\":\"WebSite\",\"@id\":\"https:\/\/leadmotor.dk\/#website\",\"url\":\"https:\/\/leadmotor.dk\/\",\"name\":\"LeadMotor\u00ae\",\"description\":\"Masksim\u00e9r dit B2B-salg med en LeadMotor\",\"publisher\":{\"@id\":\"https:\/\/leadmotor.dk\/#organization\"},\"potentialAction\":[{\"@type\":\"SearchAction\",\"target\":{\"@type\":\"EntryPoint\",\"urlTemplate\":\"https:\/\/leadmotor.dk\/?s={search_term_string}\"},\"query-input\":{\"@type\":\"PropertyValueSpecification\",\"valueRequired\":true,\"valueName\":\"search_term_string\"}}],\"inLanguage\":\"en-GB\"},{\"@type\":\"Organization\",\"@id\":\"https:\/\/leadmotor.dk\/#organization\",\"name\":\"LeadMotor ApS\",\"url\":\"https:\/\/leadmotor.dk\/\",\"logo\":{\"@type\":\"ImageObject\",\"inLanguage\":\"en-GB\",\"@id\":\"https:\/\/leadmotor.dk\/#\/schema\/logo\/image\/\",\"url\":\"https:\/\/leadmotor.dk\/wp-content\/uploads\/2022\/02\/leadmotor-logo.svg\",\"contentUrl\":\"https:\/\/leadmotor.dk\/wp-content\/uploads\/2022\/02\/leadmotor-logo.svg\",\"width\":1920,\"height\":316,\"caption\":\"LeadMotor ApS\"},\"image\":{\"@id\":\"https:\/\/leadmotor.dk\/#\/schema\/logo\/image\/\"}}]}<\/script>\n<!-- \/ Yoast SEO plugin. -->","yoast_head_json":{"title":"Strategim\u00f8de - F\u00e5 Fri Sparring om din Virksomheds Marketing","description":"F\u00e5 gode strategiske anbefalinger til din markedsf\u00f8ring - Kvit og Frit. V\u00e6lg blot det tidspunkt, der passer dig bedst, s\u00e5 m\u00f8des vi online p\u00e5 Join.me","robots":{"index":"index","follow":"follow","max-snippet":"max-snippet:-1","max-image-preview":"max-image-preview:large","max-video-preview":"max-video-preview:-1"},"canonical":"https:\/\/leadmotor.dk\/en\/strategimoede\/","og_locale":"en_GB","og_type":"article","og_title":"Strategim\u00f8de - F\u00e5 Fri Sparring om din Virksomheds Marketing","og_description":"F\u00e5 gode strategiske anbefalinger til din markedsf\u00f8ring - Kvit og Frit. V\u00e6lg blot det tidspunkt, der passer dig bedst, s\u00e5 m\u00f8des vi online p\u00e5 Join.me","og_url":"https:\/\/leadmotor.dk\/en\/strategimoede\/","og_site_name":"LeadMotor\u00ae","article_modified_time":"2026-02-04T14:57:43+00:00","twitter_card":"summary_large_image","twitter_misc":{"Estimated reading time":"1 minute"},"schema":{"@context":"https:\/\/schema.org","@graph":[{"@type":"WebPage","@id":"https:\/\/leadmotor.dk\/strategimoede\/","url":"https:\/\/leadmotor.dk\/strategimoede\/","name":"Strategim\u00f8de - F\u00e5 Fri Sparring om din Virksomheds Marketing","isPartOf":{"@id":"https:\/\/leadmotor.dk\/#website"},"datePublished":"2022-05-05T12:36:52+00:00","dateModified":"2026-02-04T14:57:43+00:00","description":"F\u00e5 gode strategiske anbefalinger til din markedsf\u00f8ring - Kvit og Frit. V\u00e6lg blot det tidspunkt, der passer dig bedst, s\u00e5 m\u00f8des vi online p\u00e5 Join.me","breadcrumb":{"@id":"https:\/\/leadmotor.dk\/strategimoede\/#breadcrumb"},"inLanguage":"en-GB","potentialAction":[{"@type":"ReadAction","target":["https:\/\/leadmotor.dk\/strategimoede\/"]}]},{"@type":"BreadcrumbList","@id":"https:\/\/leadmotor.dk\/strategimoede\/#breadcrumb","itemListElement":[{"@type":"ListItem","position":1,"name":"Hjem","item":"https:\/\/leadmotor.dk\/"},{"@type":"ListItem","position":2,"name":"Strategim\u00f8de"}]},{"@type":"WebSite","@id":"https:\/\/leadmotor.dk\/#website","url":"https:\/\/leadmotor.dk\/","name":"LeadMotor\u00ae","description":"Masksim\u00e9r dit B2B-salg med en LeadMotor","publisher":{"@id":"https:\/\/leadmotor.dk\/#organization"},"potentialAction":[{"@type":"SearchAction","target":{"@type":"EntryPoint","urlTemplate":"https:\/\/leadmotor.dk\/?s={search_term_string}"},"query-input":{"@type":"PropertyValueSpecification","valueRequired":true,"valueName":"search_term_string"}}],"inLanguage":"en-GB"},{"@type":"Organization","@id":"https:\/\/leadmotor.dk\/#organization","name":"LeadMotor ApS","url":"https:\/\/leadmotor.dk\/","logo":{"@type":"ImageObject","inLanguage":"en-GB","@id":"https:\/\/leadmotor.dk\/#\/schema\/logo\/image\/","url":"https:\/\/leadmotor.dk\/wp-content\/uploads\/2022\/02\/leadmotor-logo.svg","contentUrl":"https:\/\/leadmotor.dk\/wp-content\/uploads\/2022\/02\/leadmotor-logo.svg","width":1920,"height":316,"caption":"LeadMotor ApS"},"image":{"@id":"https:\/\/leadmotor.dk\/#\/schema\/logo\/image\/"}}]}},"_links":{"self":[{"href":"https:\/\/leadmotor.dk\/en\/wp-json\/wp\/v2\/pages\/4921","targetHints":{"allow":["GET"]}}],"collection":[{"href":"https:\/\/leadmotor.dk\/en\/wp-json\/wp\/v2\/pages"}],"about":[{"href":"https:\/\/leadmotor.dk\/en\/wp-json\/wp\/v2\/types\/page"}],"author":[{"embeddable":true,"href":"https:\/\/leadmotor.dk\/en\/wp-json\/wp\/v2\/users\/3"}],"replies":[{"embeddable":true,"href":"https:\/\/leadmotor.dk\/en\/wp-json\/wp\/v2\/comments?post=4921"}],"version-history":[{"count":15,"href":"https:\/\/leadmotor.dk\/en\/wp-json\/wp\/v2\/pages\/4921\/revisions"}],"predecessor-version":[{"id":8048,"href":"https:\/\/leadmotor.dk\/en\/wp-json\/wp\/v2\/pages\/4921\/revisions\/8048"}],"wp:attachment":[{"href":"https:\/\/leadmotor.dk\/en\/wp-json\/wp\/v2\/media?parent=4921"}],"curies":[{"name":"wp","href":"https:\/\/api.w.org\/{rel}","templated":true}]}}