{"id":5871,"date":"2022-06-15T10:53:16","date_gmt":"2022-06-15T08:53:16","guid":{"rendered":"https:\/\/leadmotor.dk\/?page_id=5871"},"modified":"2024-03-17T16:46:38","modified_gmt":"2024-03-17T15:46:38","slug":"start-din-ansoegning","status":"publish","type":"page","link":"https:\/\/leadmotor.dk\/en\/karriere\/start-din-ansoegning\/","title":{"rendered":"Start din ans\u00f8gning"},"content":{"rendered":"<div data-elementor-type=\"wp-page\" data-elementor-id=\"5871\" class=\"elementor elementor-5871\" data-elementor-post-type=\"page\">\n\t\t\t\t\t\t<section class=\"elementor-section elementor-top-section elementor-element elementor-element-956f098 elementor-section-full_width elementor-section-height-default elementor-section-height-default\" data-id=\"956f098\" data-element_type=\"section\" data-e-type=\"section\">\n\t\t\t\t\t\t<div class=\"elementor-container elementor-column-gap-default\">\n\t\t\t\t\t<div class=\"elementor-column elementor-col-100 elementor-top-column elementor-element elementor-element-0142cb1\" data-id=\"0142cb1\" data-element_type=\"column\" data-e-type=\"column\" data-settings=\"{&quot;background_background&quot;:&quot;classic&quot;}\">\n\t\t\t<div class=\"elementor-widget-wrap elementor-element-populated\">\n\t\t\t\t\t\t<section class=\"elementor-section elementor-inner-section elementor-element elementor-element-86dc222 elementor-section-boxed elementor-section-height-default elementor-section-height-default\" data-id=\"86dc222\" data-element_type=\"section\" data-e-type=\"section\">\n\t\t\t\t\t\t<div class=\"elementor-container elementor-column-gap-default\">\n\t\t\t\t\t<div class=\"elementor-column elementor-col-100 elementor-inner-column elementor-element elementor-element-0f13191\" data-id=\"0f13191\" data-element_type=\"column\" data-e-type=\"column\">\n\t\t\t<div class=\"elementor-widget-wrap elementor-element-populated\">\n\t\t\t\t\t\t<div class=\"elementor-element elementor-element-522671b elementor-widget elementor-widget-heading\" data-id=\"522671b\" data-element_type=\"widget\" data-e-type=\"widget\" data-widget_type=\"heading.default\">\n\t\t\t\t<div class=\"elementor-widget-container\">\n\t\t\t\t\t<div class=\"elementor-heading-title elementor-size-default\">Job hos LeadMotor<\/div>\t\t\t\t<\/div>\n\t\t\t\t<\/div>\n\t\t\t\t<div class=\"elementor-element elementor-element-9d43bf8 elementor-widget elementor-widget-heading\" data-id=\"9d43bf8\" data-element_type=\"widget\" data-e-type=\"widget\" data-widget_type=\"heading.default\">\n\t\t\t\t<div class=\"elementor-widget-container\">\n\t\t\t\t\t<div class=\"elementor-heading-title elementor-size-default\">Start din ans\u00f8gning her<\/div>\t\t\t\t<\/div>\n\t\t\t\t<\/div>\n\t\t\t\t<div class=\"elementor-element elementor-element-56e3013 elementor-widget elementor-widget-text-editor\" data-id=\"56e3013\" data-element_type=\"widget\" data-e-type=\"widget\" data-widget_type=\"text-editor.default\">\n\t\t\t\t<div class=\"elementor-widget-container\">\n\t\t\t\t\t\t\t\t\t<p>Nedenfor kan du s\u00f8ge en opsl\u00e5et stilling, eller s\u00f8ge uopfordret. Udfyld dine oplysninger, v\u00e6lg den stilling som du \u00f8nsker at s\u00f8ge og upload dit CV. Vi kalder l\u00f8bende til samtaler og behandler alle ans\u00f8gninger med fuld diskretion, s\u00e5 du modtager ikke opkald fra os i arbejdstiden. Hold derfor godt \u00f8je med din e-mail indbakke.&nbsp;<\/p>\t\t\t\t\t\t\t\t<\/div>\n\t\t\t\t<\/div>\n\t\t\t\t<div class=\"elementor-element elementor-element-39edb7e elementor-widget elementor-widget-html\" data-id=\"39edb7e\" data-element_type=\"widget\" data-e-type=\"widget\" data-widget_type=\"html.default\">\n\t\t\t\t<div class=\"elementor-widget-container\">\n\t\t\t\t\t<iframe class=\"clickup-embed clickup-dynamic-height\" src=\"https:\/\/forms.clickup.com\/9008205374\/f\/8cewkhy-5025\/N7F32LXZR35CXKG5O8\" onwheel=\"\" width=\"100%\" height=\"100%\" style=\"background: transparent; border: 1px solid #ccc;\"><\/iframe><script async src=\"https:\/\/app-cdn.clickup.com\/assets\/js\/forms-embed\/v1.js\"><\/script>\t\t\t\t<\/div>\n\t\t\t\t<\/div>\n\t\t\t\t\t<\/div>\n\t\t<\/div>\n\t\t\t\t\t<\/div>\n\t\t<\/section>\n\t\t\t\t\t<\/div>\n\t\t<\/div>\n\t\t\t\t\t<\/div>\n\t\t<\/section>\n\t\t\t\t<\/div>","protected":false},"excerpt":{"rendered":"<p>Job hos LeadMotor Start din ans\u00f8gning her Nedenfor kan du s\u00f8ge en opsl\u00e5et stilling, eller s\u00f8ge uopfordret. Udfyld dine oplysninger, v\u00e6lg den stilling som du \u00f8nsker at s\u00f8ge og upload dit CV. Vi kalder l\u00f8bende til samtaler og behandler alle ans\u00f8gninger med fuld diskretion, s\u00e5 du modtager ikke opkald fra os i arbejdstiden. Hold derfor [&hellip;]<\/p>\n","protected":false},"author":6,"featured_media":4089,"parent":62,"menu_order":0,"comment_status":"closed","ping_status":"closed","template":"","meta":{"_acf_changed":false,"footnotes":""},"class_list":["post-5871","page","type-page","status-publish","has-post-thumbnail","hentry"],"acf":[],"yoast_head":"<!-- This site is optimized with the Yoast SEO plugin v26.9 - https:\/\/yoast.com\/product\/yoast-seo-wordpress\/ -->\n<title>Start din ans\u00f8gning | LeadMotor\u00ae<\/title>\n<meta name=\"robots\" content=\"noindex, nofollow\" \/>\n<meta property=\"og:locale\" content=\"en_GB\" \/>\n<meta property=\"og:type\" content=\"article\" \/>\n<meta property=\"og:title\" content=\"Start din ans\u00f8gning | LeadMotor\u00ae\" \/>\n<meta property=\"og:description\" content=\"Job hos LeadMotor Start din ans\u00f8gning her Nedenfor kan du s\u00f8ge en opsl\u00e5et stilling, eller s\u00f8ge uopfordret. Udfyld dine oplysninger, v\u00e6lg den stilling som du \u00f8nsker at s\u00f8ge og upload dit CV. Vi kalder l\u00f8bende til samtaler og behandler alle ans\u00f8gninger med fuld diskretion, s\u00e5 du modtager ikke opkald fra os i arbejdstiden. Hold derfor [&hellip;]\" \/>\n<meta property=\"og:url\" content=\"https:\/\/leadmotor.dk\/en\/karriere\/start-din-ansoegning\/\" \/>\n<meta property=\"og:site_name\" content=\"LeadMotor\u00ae\" \/>\n<meta property=\"article:modified_time\" content=\"2024-03-17T15:46:38+00:00\" \/>\n<meta property=\"og:image\" content=\"https:\/\/leadmotor.dk\/wp-content\/uploads\/2022\/03\/S\u5f55geren-tilbage-til-Jorden-nu-Stands-mission-Kold-Kanvas.jpg\" \/>\n\t<meta property=\"og:image:width\" content=\"1400\" \/>\n\t<meta property=\"og:image:height\" content=\"700\" \/>\n\t<meta property=\"og:image:type\" content=\"image\/jpeg\" \/>\n<meta name=\"twitter:card\" content=\"summary_large_image\" \/>\n<meta name=\"twitter:label1\" content=\"Estimated reading time\" \/>\n\t<meta name=\"twitter:data1\" content=\"1 minute\" \/>\n<script type=\"application\/ld+json\" class=\"yoast-schema-graph\">{\"@context\":\"https:\/\/schema.org\",\"@graph\":[{\"@type\":\"WebPage\",\"@id\":\"https:\/\/leadmotor.dk\/karriere\/start-din-ansoegning\/\",\"url\":\"https:\/\/leadmotor.dk\/karriere\/start-din-ansoegning\/\",\"name\":\"Start din ans\u00f8gning | LeadMotor\u00ae\",\"isPartOf\":{\"@id\":\"https:\/\/leadmotor.dk\/#website\"},\"primaryImageOfPage\":{\"@id\":\"https:\/\/leadmotor.dk\/karriere\/start-din-ansoegning\/#primaryimage\"},\"image\":{\"@id\":\"https:\/\/leadmotor.dk\/karriere\/start-din-ansoegning\/#primaryimage\"},\"thumbnailUrl\":\"https:\/\/leadmotor.dk\/wp-content\/uploads\/2022\/03\/S\u5f55geren-tilbage-til-Jorden-nu-Stands-mission-Kold-Kanvas.jpg\",\"datePublished\":\"2022-06-15T08:53:16+00:00\",\"dateModified\":\"2024-03-17T15:46:38+00:00\",\"breadcrumb\":{\"@id\":\"https:\/\/leadmotor.dk\/karriere\/start-din-ansoegning\/#breadcrumb\"},\"inLanguage\":\"en-GB\",\"potentialAction\":[{\"@type\":\"ReadAction\",\"target\":[\"https:\/\/leadmotor.dk\/karriere\/start-din-ansoegning\/\"]}]},{\"@type\":\"ImageObject\",\"inLanguage\":\"en-GB\",\"@id\":\"https:\/\/leadmotor.dk\/karriere\/start-din-ansoegning\/#primaryimage\",\"url\":\"https:\/\/leadmotor.dk\/wp-content\/uploads\/2022\/03\/S\u5f55geren-tilbage-til-Jorden-nu-Stands-mission-Kold-Kanvas.jpg\",\"contentUrl\":\"https:\/\/leadmotor.dk\/wp-content\/uploads\/2022\/03\/S\u5f55geren-tilbage-til-Jorden-nu-Stands-mission-Kold-Kanvas.jpg\",\"width\":1400,\"height\":700},{\"@type\":\"BreadcrumbList\",\"@id\":\"https:\/\/leadmotor.dk\/karriere\/start-din-ansoegning\/#breadcrumb\",\"itemListElement\":[{\"@type\":\"ListItem\",\"position\":1,\"name\":\"Hjem\",\"item\":\"https:\/\/leadmotor.dk\/\"},{\"@type\":\"ListItem\",\"position\":2,\"name\":\"Karriere\",\"item\":\"https:\/\/leadmotor.dk\/karriere\/\"},{\"@type\":\"ListItem\",\"position\":3,\"name\":\"Start din ans\u00f8gning\"}]},{\"@type\":\"WebSite\",\"@id\":\"https:\/\/leadmotor.dk\/#website\",\"url\":\"https:\/\/leadmotor.dk\/\",\"name\":\"LeadMotor\u00ae\",\"description\":\"Masksim\u00e9r dit B2B-salg med en LeadMotor\",\"publisher\":{\"@id\":\"https:\/\/leadmotor.dk\/#organization\"},\"potentialAction\":[{\"@type\":\"SearchAction\",\"target\":{\"@type\":\"EntryPoint\",\"urlTemplate\":\"https:\/\/leadmotor.dk\/?s={search_term_string}\"},\"query-input\":{\"@type\":\"PropertyValueSpecification\",\"valueRequired\":true,\"valueName\":\"search_term_string\"}}],\"inLanguage\":\"en-GB\"},{\"@type\":\"Organization\",\"@id\":\"https:\/\/leadmotor.dk\/#organization\",\"name\":\"LeadMotor ApS\",\"url\":\"https:\/\/leadmotor.dk\/\",\"logo\":{\"@type\":\"ImageObject\",\"inLanguage\":\"en-GB\",\"@id\":\"https:\/\/leadmotor.dk\/#\/schema\/logo\/image\/\",\"url\":\"https:\/\/leadmotor.dk\/wp-content\/uploads\/2022\/02\/leadmotor-logo.svg\",\"contentUrl\":\"https:\/\/leadmotor.dk\/wp-content\/uploads\/2022\/02\/leadmotor-logo.svg\",\"width\":1920,\"height\":316,\"caption\":\"LeadMotor ApS\"},\"image\":{\"@id\":\"https:\/\/leadmotor.dk\/#\/schema\/logo\/image\/\"}}]}<\/script>\n<!-- \/ Yoast SEO plugin. -->","yoast_head_json":{"title":"Start din ans\u00f8gning | LeadMotor\u00ae","robots":{"index":"noindex","follow":"nofollow"},"og_locale":"en_GB","og_type":"article","og_title":"Start din ans\u00f8gning | LeadMotor\u00ae","og_description":"Job hos LeadMotor Start din ans\u00f8gning her Nedenfor kan du s\u00f8ge en opsl\u00e5et stilling, eller s\u00f8ge uopfordret. Udfyld dine oplysninger, v\u00e6lg den stilling som du \u00f8nsker at s\u00f8ge og upload dit CV. Vi kalder l\u00f8bende til samtaler og behandler alle ans\u00f8gninger med fuld diskretion, s\u00e5 du modtager ikke opkald fra os i arbejdstiden. Hold derfor [&hellip;]","og_url":"https:\/\/leadmotor.dk\/en\/karriere\/start-din-ansoegning\/","og_site_name":"LeadMotor\u00ae","article_modified_time":"2024-03-17T15:46:38+00:00","og_image":[{"width":1400,"height":700,"url":"https:\/\/leadmotor.dk\/wp-content\/uploads\/2022\/03\/S\u5f55geren-tilbage-til-Jorden-nu-Stands-mission-Kold-Kanvas.jpg","type":"image\/jpeg"}],"twitter_card":"summary_large_image","twitter_misc":{"Estimated reading time":"1 minute"},"schema":{"@context":"https:\/\/schema.org","@graph":[{"@type":"WebPage","@id":"https:\/\/leadmotor.dk\/karriere\/start-din-ansoegning\/","url":"https:\/\/leadmotor.dk\/karriere\/start-din-ansoegning\/","name":"Start din ans\u00f8gning | LeadMotor\u00ae","isPartOf":{"@id":"https:\/\/leadmotor.dk\/#website"},"primaryImageOfPage":{"@id":"https:\/\/leadmotor.dk\/karriere\/start-din-ansoegning\/#primaryimage"},"image":{"@id":"https:\/\/leadmotor.dk\/karriere\/start-din-ansoegning\/#primaryimage"},"thumbnailUrl":"https:\/\/leadmotor.dk\/wp-content\/uploads\/2022\/03\/S\u5f55geren-tilbage-til-Jorden-nu-Stands-mission-Kold-Kanvas.jpg","datePublished":"2022-06-15T08:53:16+00:00","dateModified":"2024-03-17T15:46:38+00:00","breadcrumb":{"@id":"https:\/\/leadmotor.dk\/karriere\/start-din-ansoegning\/#breadcrumb"},"inLanguage":"en-GB","potentialAction":[{"@type":"ReadAction","target":["https:\/\/leadmotor.dk\/karriere\/start-din-ansoegning\/"]}]},{"@type":"ImageObject","inLanguage":"en-GB","@id":"https:\/\/leadmotor.dk\/karriere\/start-din-ansoegning\/#primaryimage","url":"https:\/\/leadmotor.dk\/wp-content\/uploads\/2022\/03\/S\u5f55geren-tilbage-til-Jorden-nu-Stands-mission-Kold-Kanvas.jpg","contentUrl":"https:\/\/leadmotor.dk\/wp-content\/uploads\/2022\/03\/S\u5f55geren-tilbage-til-Jorden-nu-Stands-mission-Kold-Kanvas.jpg","width":1400,"height":700},{"@type":"BreadcrumbList","@id":"https:\/\/leadmotor.dk\/karriere\/start-din-ansoegning\/#breadcrumb","itemListElement":[{"@type":"ListItem","position":1,"name":"Hjem","item":"https:\/\/leadmotor.dk\/"},{"@type":"ListItem","position":2,"name":"Karriere","item":"https:\/\/leadmotor.dk\/karriere\/"},{"@type":"ListItem","position":3,"name":"Start din ans\u00f8gning"}]},{"@type":"WebSite","@id":"https:\/\/leadmotor.dk\/#website","url":"https:\/\/leadmotor.dk\/","name":"LeadMotor\u00ae","description":"Masksim\u00e9r dit B2B-salg med en LeadMotor","publisher":{"@id":"https:\/\/leadmotor.dk\/#organization"},"potentialAction":[{"@type":"SearchAction","target":{"@type":"EntryPoint","urlTemplate":"https:\/\/leadmotor.dk\/?s={search_term_string}"},"query-input":{"@type":"PropertyValueSpecification","valueRequired":true,"valueName":"search_term_string"}}],"inLanguage":"en-GB"},{"@type":"Organization","@id":"https:\/\/leadmotor.dk\/#organization","name":"LeadMotor ApS","url":"https:\/\/leadmotor.dk\/","logo":{"@type":"ImageObject","inLanguage":"en-GB","@id":"https:\/\/leadmotor.dk\/#\/schema\/logo\/image\/","url":"https:\/\/leadmotor.dk\/wp-content\/uploads\/2022\/02\/leadmotor-logo.svg","contentUrl":"https:\/\/leadmotor.dk\/wp-content\/uploads\/2022\/02\/leadmotor-logo.svg","width":1920,"height":316,"caption":"LeadMotor ApS"},"image":{"@id":"https:\/\/leadmotor.dk\/#\/schema\/logo\/image\/"}}]}},"_links":{"self":[{"href":"https:\/\/leadmotor.dk\/en\/wp-json\/wp\/v2\/pages\/5871","targetHints":{"allow":["GET"]}}],"collection":[{"href":"https:\/\/leadmotor.dk\/en\/wp-json\/wp\/v2\/pages"}],"about":[{"href":"https:\/\/leadmotor.dk\/en\/wp-json\/wp\/v2\/types\/page"}],"author":[{"embeddable":true,"href":"https:\/\/leadmotor.dk\/en\/wp-json\/wp\/v2\/users\/6"}],"replies":[{"embeddable":true,"href":"https:\/\/leadmotor.dk\/en\/wp-json\/wp\/v2\/comments?post=5871"}],"version-history":[{"count":0,"href":"https:\/\/leadmotor.dk\/en\/wp-json\/wp\/v2\/pages\/5871\/revisions"}],"up":[{"embeddable":true,"href":"https:\/\/leadmotor.dk\/en\/wp-json\/wp\/v2\/pages\/62"}],"wp:featuredmedia":[{"embeddable":true,"href":"https:\/\/leadmotor.dk\/en\/wp-json\/wp\/v2\/media\/4089"}],"wp:attachment":[{"href":"https:\/\/leadmotor.dk\/en\/wp-json\/wp\/v2\/media?parent=5871"}],"curies":[{"name":"wp","href":"https:\/\/api.w.org\/{rel}","templated":true}]}}