{"id":64,"date":"2022-02-14T09:34:44","date_gmt":"2022-02-14T08:34:44","guid":{"rendered":"https:\/\/leadmotor.dk\/?page_id=64"},"modified":"2022-06-04T18:49:19","modified_gmt":"2022-06-04T16:49:19","slug":"kontakt","status":"publish","type":"page","link":"https:\/\/leadmotor.dk\/en\/kontakt\/","title":{"rendered":"Kontakt"},"content":{"rendered":"<div data-elementor-type=\"wp-page\" data-elementor-id=\"64\" class=\"elementor elementor-64\" data-elementor-post-type=\"page\">\n\t\t\t\t\t\t<section class=\"elementor-section elementor-top-section elementor-element elementor-element-475fa55 elementor-section-full_width elementor-section-height-default elementor-section-height-default\" data-id=\"475fa55\" data-element_type=\"section\" data-e-type=\"section\" data-settings=\"{&quot;background_background&quot;:&quot;classic&quot;}\">\n\t\t\t\t\t\t<div class=\"elementor-container elementor-column-gap-default\">\n\t\t\t\t\t<div class=\"elementor-column elementor-col-100 elementor-top-column elementor-element elementor-element-b937f0d\" data-id=\"b937f0d\" data-element_type=\"column\" data-e-type=\"column\" data-settings=\"{&quot;background_background&quot;:&quot;classic&quot;}\">\n\t\t\t<div class=\"elementor-widget-wrap elementor-element-populated\">\n\t\t\t\t\t\t<section class=\"elementor-section elementor-inner-section elementor-element elementor-element-e781103 elementor-section-content-middle elementor-section-height-min-height elementor-section-boxed elementor-section-height-default\" data-id=\"e781103\" data-element_type=\"section\" data-e-type=\"section\">\n\t\t\t\t\t\t<div class=\"elementor-container elementor-column-gap-wide\">\n\t\t\t\t\t<div class=\"elementor-column elementor-col-50 elementor-inner-column elementor-element elementor-element-843ed9b elementor-invisible\" data-id=\"843ed9b\" data-element_type=\"column\" data-e-type=\"column\" data-settings=\"{&quot;animation&quot;:&quot;fadeIn&quot;}\">\n\t\t\t<div class=\"elementor-widget-wrap elementor-element-populated\">\n\t\t\t\t\t\t<div class=\"elementor-element elementor-element-8ba891d elementor-widget elementor-widget-heading\" data-id=\"8ba891d\" data-element_type=\"widget\" data-e-type=\"widget\" data-widget_type=\"heading.default\">\n\t\t\t\t<div class=\"elementor-widget-container\">\n\t\t\t\t\t<span class=\"elementor-heading-title elementor-size-default\">LeadMotor\u00ae\ufe0f<\/span>\t\t\t\t<\/div>\n\t\t\t\t<\/div>\n\t\t\t\t<div class=\"elementor-element elementor-element-8296011 elementor-widget__width-initial elementor-widget elementor-widget-heading\" data-id=\"8296011\" data-element_type=\"widget\" data-e-type=\"widget\" data-widget_type=\"heading.default\">\n\t\t\t\t<div class=\"elementor-widget-container\">\n\t\t\t\t\t<h3 class=\"elementor-heading-title elementor-size-default\">Get in touch<\/h3>\t\t\t\t<\/div>\n\t\t\t\t<\/div>\n\t\t\t\t<div class=\"elementor-element elementor-element-0536ae1 elementor-widget elementor-widget-text-editor\" data-id=\"0536ae1\" data-element_type=\"widget\" data-e-type=\"widget\" data-widget_type=\"text-editor.default\">\n\t\t\t\t<div class=\"elementor-widget-container\">\n\t\t\t\t\t\t\t\t\t<p>Hvis du har sp\u00f8rgsm\u00e5l til vores LeadMotor eller metoder, er du velkommen til at ringe og h\u00f8re mere.<\/p>\t\t\t\t\t\t\t\t<\/div>\n\t\t\t\t<\/div>\n\t\t\t\t<div class=\"elementor-element elementor-element-cd29094 elementor-widget elementor-widget-text-editor\" data-id=\"cd29094\" data-element_type=\"widget\" data-e-type=\"widget\" data-widget_type=\"text-editor.default\">\n\t\t\t\t<div class=\"elementor-widget-container\">\n\t\t\t\t\t\t\t\t\t<p><b style=\"color: var( --e-global-color-primary ); font-family: var( --e-global-typography-text-font-family ), Sans-serif; background-color: var( --e-global-color-fa6da8e );\"><a href=\"tel:+45 71 99 85 85\">+45 71 99 85 85<\/a><\/b><\/p><p><b><a href=\"mailto:kontakt@leadmotor.dk\">kontakt@leadmotor.dk<\/a><br \/><br \/><\/b><\/p><p><b>Herning kontor<\/b><br \/><span style=\"color: var( --e-global-color-primary ); font-family: var( --e-global-typography-text-font-family ), Sans-serif; font-weight: var( --e-global-typography-text-font-weight ); background-color: var( --e-global-color-fa6da8e );\">Birk Centerpark 40,\u00a0<\/span><span style=\"color: var( --e-global-color-primary ); font-family: var( --e-global-typography-text-font-family ), Sans-serif; font-weight: var( --e-global-typography-text-font-weight ); background-color: var( --e-global-color-fa6da8e );\">7400 Herning<\/span><\/p><p><span style=\"background-color: var( --e-global-color-fa6da8e ); font-family: var( --e-global-typography-text-font-family ), Sans-serif; color: var( --e-global-color-primary );\"><b>Aarhus kontor<\/b><br \/><span style=\"font-weight: var( --e-global-typography-text-font-weight );\">Karen blixens Blvd. 7,\u00a0<\/span><\/span><span style=\"background-color: var( --e-global-color-fa6da8e );\">8220 Brabrand<\/span><\/p>\t\t\t\t\t\t\t\t<\/div>\n\t\t\t\t<\/div>\n\t\t\t\t\t<\/div>\n\t\t<\/div>\n\t\t\t\t<div class=\"elementor-column elementor-col-50 elementor-inner-column elementor-element elementor-element-1740392 elementor-hidden-tablet elementor-hidden-mobile elementor-invisible\" data-id=\"1740392\" data-element_type=\"column\" data-e-type=\"column\" data-settings=\"{&quot;animation&quot;:&quot;fadeIn&quot;,&quot;animation_delay&quot;:400}\">\n\t\t\t<div class=\"elementor-widget-wrap\">\n\t\t\t\t\t\t\t<\/div>\n\t\t<\/div>\n\t\t\t\t\t<\/div>\n\t\t<\/section>\n\t\t\t\t\t<\/div>\n\t\t<\/div>\n\t\t\t\t\t<\/div>\n\t\t<\/section>\n\t\t\t\t<\/div>","protected":false},"excerpt":{"rendered":"<p>Leadmotor Kontakt os Hvis du har sp\u00f8rgsm\u00e5l til vores LeadMotor eller metoder, er du velkommen til at ringe og h\u00f8re mere. +45 71 99 85 85 kontakt@leadmotor.dk Herning kontorBirk Centerpark 40,\u00a07400 Herning Aarhus kontorKaren blixens Blvd. 7,\u00a08220 Brabrand<\/p>","protected":false},"author":3,"featured_media":0,"parent":0,"menu_order":0,"comment_status":"closed","ping_status":"closed","template":"","meta":{"_acf_changed":false,"footnotes":""},"class_list":["post-64","page","type-page","status-publish","hentry"],"acf":[],"yoast_head":"<!-- This site is optimized with the Yoast SEO plugin v26.9 - https:\/\/yoast.com\/product\/yoast-seo-wordpress\/ -->\n<title>Kontakt os p\u00e5 Telefon 71 99 85 85 eller via Mail | LeadMotor\u00ae<\/title>\n<meta name=\"description\" content=\"Kontakt os endeligt hvis du har sp\u00f8rgsm\u00e5l til for eksempel: LeadMotoren\u00ae - Leadgenrering eller Salg. Du kan ogs\u00e5 booke et Strategim\u00f8de, helt uforpligtende.\" \/>\n<meta name=\"robots\" content=\"index, follow, max-snippet:-1, max-image-preview:large, max-video-preview:-1\" \/>\n<link rel=\"canonical\" href=\"https:\/\/leadmotor.dk\/en\/kontakt\/\" \/>\n<meta property=\"og:locale\" content=\"en_GB\" \/>\n<meta property=\"og:type\" content=\"article\" \/>\n<meta property=\"og:title\" content=\"Kontakt os p\u00e5 Telefon 71 99 85 85 eller via Mail | LeadMotor\u00ae\" \/>\n<meta property=\"og:description\" content=\"Kontakt os endeligt hvis du har sp\u00f8rgsm\u00e5l til for eksempel: LeadMotoren\u00ae - Leadgenrering eller Salg. Du kan ogs\u00e5 booke et Strategim\u00f8de, helt uforpligtende.\" \/>\n<meta property=\"og:url\" content=\"https:\/\/leadmotor.dk\/en\/kontakt\/\" \/>\n<meta property=\"og:site_name\" content=\"LeadMotor\u00ae\" \/>\n<meta property=\"article:modified_time\" content=\"2022-06-04T16:49:19+00:00\" \/>\n<meta name=\"twitter:card\" content=\"summary_large_image\" \/>\n<meta name=\"twitter:label1\" content=\"Estimated reading time\" \/>\n\t<meta name=\"twitter:data1\" content=\"1 minute\" \/>\n<script type=\"application\/ld+json\" class=\"yoast-schema-graph\">{\"@context\":\"https:\/\/schema.org\",\"@graph\":[{\"@type\":\"WebPage\",\"@id\":\"https:\/\/leadmotor.dk\/kontakt\/\",\"url\":\"https:\/\/leadmotor.dk\/kontakt\/\",\"name\":\"Kontakt os p\u00e5 Telefon 71 99 85 85 eller via Mail | LeadMotor\u00ae\",\"isPartOf\":{\"@id\":\"https:\/\/leadmotor.dk\/#website\"},\"datePublished\":\"2022-02-14T08:34:44+00:00\",\"dateModified\":\"2022-06-04T16:49:19+00:00\",\"description\":\"Kontakt os endeligt hvis du har sp\u00f8rgsm\u00e5l til for eksempel: LeadMotoren\u00ae - Leadgenrering eller Salg. Du kan ogs\u00e5 booke et Strategim\u00f8de, helt uforpligtende.\",\"breadcrumb\":{\"@id\":\"https:\/\/leadmotor.dk\/kontakt\/#breadcrumb\"},\"inLanguage\":\"en-GB\",\"potentialAction\":[{\"@type\":\"ReadAction\",\"target\":[\"https:\/\/leadmotor.dk\/kontakt\/\"]}]},{\"@type\":\"BreadcrumbList\",\"@id\":\"https:\/\/leadmotor.dk\/kontakt\/#breadcrumb\",\"itemListElement\":[{\"@type\":\"ListItem\",\"position\":1,\"name\":\"Hjem\",\"item\":\"https:\/\/leadmotor.dk\/\"},{\"@type\":\"ListItem\",\"position\":2,\"name\":\"Kontakt\"}]},{\"@type\":\"WebSite\",\"@id\":\"https:\/\/leadmotor.dk\/#website\",\"url\":\"https:\/\/leadmotor.dk\/\",\"name\":\"LeadMotor\u00ae\",\"description\":\"Masksim\u00e9r dit B2B-salg med en LeadMotor\",\"publisher\":{\"@id\":\"https:\/\/leadmotor.dk\/#organization\"},\"potentialAction\":[{\"@type\":\"SearchAction\",\"target\":{\"@type\":\"EntryPoint\",\"urlTemplate\":\"https:\/\/leadmotor.dk\/?s={search_term_string}\"},\"query-input\":{\"@type\":\"PropertyValueSpecification\",\"valueRequired\":true,\"valueName\":\"search_term_string\"}}],\"inLanguage\":\"en-GB\"},{\"@type\":\"Organization\",\"@id\":\"https:\/\/leadmotor.dk\/#organization\",\"name\":\"LeadMotor ApS\",\"url\":\"https:\/\/leadmotor.dk\/\",\"logo\":{\"@type\":\"ImageObject\",\"inLanguage\":\"en-GB\",\"@id\":\"https:\/\/leadmotor.dk\/#\/schema\/logo\/image\/\",\"url\":\"https:\/\/leadmotor.dk\/wp-content\/uploads\/2022\/02\/leadmotor-logo.svg\",\"contentUrl\":\"https:\/\/leadmotor.dk\/wp-content\/uploads\/2022\/02\/leadmotor-logo.svg\",\"width\":1920,\"height\":316,\"caption\":\"LeadMotor ApS\"},\"image\":{\"@id\":\"https:\/\/leadmotor.dk\/#\/schema\/logo\/image\/\"}}]}<\/script>\n<!-- \/ Yoast SEO plugin. -->","yoast_head_json":{"title":"Kontakt os p\u00e5 Telefon 71 99 85 85 eller via Mail | LeadMotor\u00ae","description":"Kontakt os endeligt hvis du har sp\u00f8rgsm\u00e5l til for eksempel: LeadMotoren\u00ae - Leadgenrering eller Salg. Du kan ogs\u00e5 booke et Strategim\u00f8de, helt uforpligtende.","robots":{"index":"index","follow":"follow","max-snippet":"max-snippet:-1","max-image-preview":"max-image-preview:large","max-video-preview":"max-video-preview:-1"},"canonical":"https:\/\/leadmotor.dk\/en\/kontakt\/","og_locale":"en_GB","og_type":"article","og_title":"Kontakt os p\u00e5 Telefon 71 99 85 85 eller via Mail | LeadMotor\u00ae","og_description":"Kontakt os endeligt hvis du har sp\u00f8rgsm\u00e5l til for eksempel: LeadMotoren\u00ae - Leadgenrering eller Salg. Du kan ogs\u00e5 booke et Strategim\u00f8de, helt uforpligtende.","og_url":"https:\/\/leadmotor.dk\/en\/kontakt\/","og_site_name":"LeadMotor\u00ae","article_modified_time":"2022-06-04T16:49:19+00:00","twitter_card":"summary_large_image","twitter_misc":{"Estimated reading time":"1 minute"},"schema":{"@context":"https:\/\/schema.org","@graph":[{"@type":"WebPage","@id":"https:\/\/leadmotor.dk\/kontakt\/","url":"https:\/\/leadmotor.dk\/kontakt\/","name":"Kontakt os p\u00e5 Telefon 71 99 85 85 eller via Mail | LeadMotor\u00ae","isPartOf":{"@id":"https:\/\/leadmotor.dk\/#website"},"datePublished":"2022-02-14T08:34:44+00:00","dateModified":"2022-06-04T16:49:19+00:00","description":"Kontakt os endeligt hvis du har sp\u00f8rgsm\u00e5l til for eksempel: LeadMotoren\u00ae - Leadgenrering eller Salg. Du kan ogs\u00e5 booke et Strategim\u00f8de, helt uforpligtende.","breadcrumb":{"@id":"https:\/\/leadmotor.dk\/kontakt\/#breadcrumb"},"inLanguage":"en-GB","potentialAction":[{"@type":"ReadAction","target":["https:\/\/leadmotor.dk\/kontakt\/"]}]},{"@type":"BreadcrumbList","@id":"https:\/\/leadmotor.dk\/kontakt\/#breadcrumb","itemListElement":[{"@type":"ListItem","position":1,"name":"Hjem","item":"https:\/\/leadmotor.dk\/"},{"@type":"ListItem","position":2,"name":"Kontakt"}]},{"@type":"WebSite","@id":"https:\/\/leadmotor.dk\/#website","url":"https:\/\/leadmotor.dk\/","name":"LeadMotor\u00ae","description":"Masksim\u00e9r dit B2B-salg med en LeadMotor","publisher":{"@id":"https:\/\/leadmotor.dk\/#organization"},"potentialAction":[{"@type":"SearchAction","target":{"@type":"EntryPoint","urlTemplate":"https:\/\/leadmotor.dk\/?s={search_term_string}"},"query-input":{"@type":"PropertyValueSpecification","valueRequired":true,"valueName":"search_term_string"}}],"inLanguage":"en-GB"},{"@type":"Organization","@id":"https:\/\/leadmotor.dk\/#organization","name":"LeadMotor ApS","url":"https:\/\/leadmotor.dk\/","logo":{"@type":"ImageObject","inLanguage":"en-GB","@id":"https:\/\/leadmotor.dk\/#\/schema\/logo\/image\/","url":"https:\/\/leadmotor.dk\/wp-content\/uploads\/2022\/02\/leadmotor-logo.svg","contentUrl":"https:\/\/leadmotor.dk\/wp-content\/uploads\/2022\/02\/leadmotor-logo.svg","width":1920,"height":316,"caption":"LeadMotor ApS"},"image":{"@id":"https:\/\/leadmotor.dk\/#\/schema\/logo\/image\/"}}]}},"_links":{"self":[{"href":"https:\/\/leadmotor.dk\/en\/wp-json\/wp\/v2\/pages\/64","targetHints":{"allow":["GET"]}}],"collection":[{"href":"https:\/\/leadmotor.dk\/en\/wp-json\/wp\/v2\/pages"}],"about":[{"href":"https:\/\/leadmotor.dk\/en\/wp-json\/wp\/v2\/types\/page"}],"author":[{"embeddable":true,"href":"https:\/\/leadmotor.dk\/en\/wp-json\/wp\/v2\/users\/3"}],"replies":[{"embeddable":true,"href":"https:\/\/leadmotor.dk\/en\/wp-json\/wp\/v2\/comments?post=64"}],"version-history":[{"count":0,"href":"https:\/\/leadmotor.dk\/en\/wp-json\/wp\/v2\/pages\/64\/revisions"}],"wp:attachment":[{"href":"https:\/\/leadmotor.dk\/en\/wp-json\/wp\/v2\/media?parent=64"}],"curies":[{"name":"wp","href":"https:\/\/api.w.org\/{rel}","templated":true}]}}