{"id":72,"date":"2022-02-14T09:36:19","date_gmt":"2022-02-14T08:36:19","guid":{"rendered":"https:\/\/leadmotor.dk\/?page_id=72"},"modified":"2022-05-09T09:11:51","modified_gmt":"2022-05-09T07:11:51","slug":"privatlivspolitik","status":"publish","type":"page","link":"https:\/\/leadmotor.dk\/en\/privatlivspolitik\/","title":{"rendered":"Privacy policy"},"content":{"rendered":"<div data-elementor-type=\"wp-page\" data-elementor-id=\"72\" class=\"elementor elementor-72\" data-elementor-post-type=\"page\">\n\t\t\t\t\t\t<section class=\"elementor-section elementor-top-section elementor-element elementor-element-030a9a1 elementor-section-boxed elementor-section-height-default elementor-section-height-default\" data-id=\"030a9a1\" data-element_type=\"section\" data-e-type=\"section\">\n\t\t\t\t\t\t<div class=\"elementor-container elementor-column-gap-default\">\n\t\t\t\t\t<div class=\"elementor-column elementor-col-100 elementor-top-column elementor-element elementor-element-b693f0f\" data-id=\"b693f0f\" data-element_type=\"column\" data-e-type=\"column\">\n\t\t\t<div class=\"elementor-widget-wrap elementor-element-populated\">\n\t\t\t\t\t\t<div class=\"elementor-element elementor-element-a7547c2 elementor-widget elementor-widget-heading\" data-id=\"a7547c2\" data-element_type=\"widget\" data-e-type=\"widget\" data-widget_type=\"heading.default\">\n\t\t\t\t<div class=\"elementor-widget-container\">\n\t\t\t\t\t<h1 class=\"elementor-heading-title elementor-size-default\">Privacy policy<\/h1>\t\t\t\t<\/div>\n\t\t\t\t<\/div>\n\t\t\t\t<div class=\"elementor-element elementor-element-615bfe6 elementor-widget elementor-widget-text-editor\" data-id=\"615bfe6\" data-element_type=\"widget\" data-e-type=\"widget\" data-widget_type=\"text-editor.default\">\n\t\t\t\t<div class=\"elementor-widget-container\">\n\t\t\t\t\t\t\t\t\tVed at benytte denne hjemmeside, kan du v\u00e6lge at acceptere vores cookie\u2013 og personoplysningspolitik.\t\t\t\t\t\t\t\t<\/div>\n\t\t\t\t<\/div>\n\t\t\t\t<div class=\"elementor-element elementor-element-822dfb4 elementor-widget elementor-widget-text-editor\" data-id=\"822dfb4\" data-element_type=\"widget\" data-e-type=\"widget\" data-widget_type=\"text-editor.default\">\n\t\t\t\t<div class=\"elementor-widget-container\">\n\t\t\t\t\t\t\t\t\t<p>Frav\u00e6lg m\u00e5lrettet markedsf\u00f8ring:\u00a0<a href=\"http:\/\/minecookies.org\/fravalg\" target=\"_blank\" rel=\"noopener\">http:\/\/minecookies.org\/fravalg<\/a><\/p><p>Vi indsamler aldrig personoplysninger uden, at du selv har givet os disse oplysninger.\u00a0De indsamlede oplysninger s\u00e6lges eller videregives ikke til tredjepart.\u00a0P\u00e5 forskellig vis indsamler vi digitale oplysninger om dit bes\u00f8g p\u00e5 vores hjemmeside.\u00a0Ingen af disse oplysninger g\u00f8r det muligt at spore til dig som person, men alene den computer, hvorfra du har opn\u00e5et adgang.<\/p><p>Du kan v\u00e6lge, at sende dine personlige oplysninger til os online p\u00e5 forskellige m\u00e5de. Enten ved at udfylde en registreringsformular online, ved at deltage i en konkurrence, registrere et k\u00f8b eller abonnere p\u00e5 et nyhedsbrev.<\/p><p>Du kan ogs\u00e5 dele dine personlige oplysninger med os ved, at v\u00e6re i kontakt med en af vores medarbejdere via e-mail, telefon eller pr. post.<\/p><p>N\u00e5r du sender dine personlige oplysninger, giver du os mulighed for at kontakte dig med et direkte svar p\u00e5 din foresp\u00f8rgsel eller sende dig relevante oplysninger om os og vores produkter.<\/p><p>Personlige oplysninger er n\u00f8dvendige for, at gennemf\u00f8re det k\u00f8b eller den service, som oplysningerne er indsamlet i forbindelse med.<\/p><p>If\u00f8lge persondataforordningen skal dine personlige oplysninger opbevares sikkert og fortroligt. Vi gemmer dine personlige oplysninger p\u00e5 computere med begr\u00e6nset adgang, som er placeret i kontrollerede faciliteter. Yderligere bliver vores sikkerhedsforanstaltninger kontrolleret l\u00f8bende for at afg\u00f8re, om vores brugeroplysninger h\u00e5ndteres forsvarligt og under stadig hensyntagen til dine rettigheder som bruger.<\/p><p>Vi kan dog ikke garantere 100 procent sikkerhed ved dataoverf\u00f8rsler via internettet. Det betyder, at der kan v\u00e6re en risiko for, at andre uberettiget tiltvinger sig adgang til oplysninger, n\u00e5r data sendes og opbevares elektronisk. Du afgiver s\u00e5ledes dine personlige oplysninger p\u00e5 eget ansvar.<\/p><p>Vi har udarbejdet en forretningsgang for, hvordan vi skal h\u00e5ndtere databreaches. S\u00e5fremt dette m\u00e5tte blive aktuelt, vil vi hurtigst muligt, og senest 6 timer efter h\u00e6ndelsen, kontakte Datatilsynet.<\/p><p>I det omfang, der behandles personoplysninger om dig, har du if\u00f8lge persondataforordningen ret til at f\u00e5 oplyst, hvilke personoplysninger, der kan henf\u00f8res til dig. S\u00e5fremt det viser sig, at de oplysninger eller data, der behandles om dig, er urigtige eller vildledende, har du ret til at kr\u00e6ve disse berigtiget, slettet eller blokeret.<\/p><p>Vi vil p\u00e5 forlangende altid udlevere en komplet udskrift af de data, vi opbevarer om dig.<\/p><p>S\u00e5fremt det \u00f8nskes, vil i desuden altid efterkomme en eftersp\u00f8rgsel fra den registrerede om sletning, berigtigelse eller videresendelse af data til en tredjepart.<\/p><p>Du kan til enhver tid g\u00f8re indsigelse mod, at oplysninger om dig g\u00f8res til genstand for behandling. Du kan ogs\u00e5 til enhver tid tilbagekalde dit samtykke. Du har mulighed for at klage over behandlingen af oplysninger og data vedr\u00f8rende dig. Klage indgives til Datatilsynet, jf. persondatalovens \u00a7 58, stk. 1.<\/p><h3>Deling af personlige oplysninger<\/h3><p>Vi kan ogs\u00e5 modtage dine personlige data fra parter. Det kan f.eks. ske i forbindelse med opk\u00f8b af en virksomhed, hvor du allerede er kunde, eller hvis et af vores partnerselskaber oplyser om dine personlige data. Hvis du ikke \u00f8nsker, at vi skal bruge dine personlige oplysninger, som du ikke selv har sendt til os, kan du informere os herom p\u00e5 nedenst\u00e5ende adresse. Vi deler kun dine data med tredjepart under f\u00f8lgende omst\u00e6ndigheder:<\/p><ul><li>Hvis vi har solgt dig et produkt eller tilbyder dig en service i et f\u00e6lles marketingsfremst\u00f8d med andre firmaer. I disse tilf\u00e6lde deles dine personlige data med de p\u00e5g\u00e6ldende firmaer. Vi vil altid informere dig om, at et s\u00e5dant forhold eksisterer og hvem disse firmaer er, f\u00f8r du registrerer dig. Bem\u00e6rk, at disse firmaer ofte har deres egen politik om beskyttelse af personlige oplysninger, der g\u00e6lder for den m\u00e5de, de anvender dine personlige data. Disse firmaers politik, om beskyttelse af personlige oplysninger, kan afvige fra vores politik om beskyttelse af personlige oplysninger.<\/li><li>Vi s\u00e6lger vores virksomhed til et andet firma. Et s\u00e5dant ejerskifte kan omfatte en overf\u00f8rsel til k\u00f8beren af dine personlige data, hvis de er direkte relateret til den p\u00e5g\u00e6ldende virksomhed. Vi s\u00e6lger ikke og udleverer ikke dine personlige data til tredjemand, s\u00e5 dine personlige data kan anvendes til deres form\u00e5l.<\/li><li>S\u00e5fremt det er n\u00f8dvendigt til at give dig den bedste oplevelse af vores hjemmeside.<\/li><li>S\u00e5fremt du har anmodet herom \u2013 enten direkte eller ved at indg\u00e5 en kontrakt med os \u2013 hvor det er en foruds\u00e6tning for kontraktens opfyldelse.<\/li><li>At vi har lovhjemmel hertil<\/li><li>At du har givet udtrykkeligt samtykke hertil.<\/li><li>Vores hjemmeside kan indeholde hyperlinks til andre hjemmesider. Du b\u00f8r n\u00f8je l\u00e6se de p\u00e5g\u00e6ldende hjemmesiders politik om beskyttelse af personlige oplysninger, da den kan v\u00e6re forskellig fra vores politik om beskyttelse af personlige oplysninger.<\/li><\/ul><h3>Sp\u00f8rgsm\u00e5l og klagevejledning<\/h3><p>Har du kommentarer eller sp\u00f8rgsm\u00e5l i forbindelse med vores information og\/eller behandling af personlige oplysninger, er du velkommen til at kontakte os.<\/p><p>Dette website udbydes af:<\/p><p>Zen Media ApS<br \/>Birk Centerpark 40<br \/>7400, Herning<\/p><p>CVR:\u00a038445723<\/p><p>Har du sp\u00f8rgsm\u00e5l eller kommentar til vores Cookie- og personoplysningspolitik er du velkommen til at kontakte:<\/p><p><strong>Martin N\u00f8rgaard Klausen<\/strong><br \/>Partner<\/p><p>Telefon:\u00a0+45 21 33 14 06<br \/>E-mail:\u00a0martin@zenmedia.dk<\/p>\t\t\t\t\t\t\t\t<\/div>\n\t\t\t\t<\/div>\n\t\t\t\t\t<\/div>\n\t\t<\/div>\n\t\t\t\t\t<\/div>\n\t\t<\/section>\n\t\t\t\t<\/div>","protected":false},"excerpt":{"rendered":"<p>Privatlivspolitik Ved at benytte denne hjemmeside, kan du v\u00e6lge at acceptere vores cookie\u2013 og personoplysningspolitik. Frav\u00e6lg m\u00e5lrettet markedsf\u00f8ring:\u00a0http:\/\/minecookies.org\/fravalg Vi indsamler aldrig personoplysninger uden, at du selv har givet os disse oplysninger.\u00a0De indsamlede oplysninger s\u00e6lges eller videregives ikke til tredjepart.\u00a0P\u00e5 forskellig vis indsamler vi digitale oplysninger om dit bes\u00f8g p\u00e5 vores hjemmeside.\u00a0Ingen af disse oplysninger g\u00f8r [&hellip;]<\/p>\n","protected":false},"author":3,"featured_media":0,"parent":0,"menu_order":0,"comment_status":"closed","ping_status":"closed","template":"","meta":{"_acf_changed":false,"footnotes":""},"class_list":["post-72","page","type-page","status-publish","hentry"],"acf":[],"yoast_head":"<!-- This site is optimized with the Yoast SEO plugin v26.9 - https:\/\/yoast.com\/product\/yoast-seo-wordpress\/ -->\n<title>Privatlivspolitik | LeadMotor\u00ae<\/title>\n<meta name=\"description\" content=\"L\u00e6s hvordan vi bruger cookies til at tilpasse vores indhold til dig og l\u00e6s vores privatlivspolitik.\" \/>\n<meta name=\"robots\" content=\"index, follow, max-snippet:-1, max-image-preview:large, max-video-preview:-1\" \/>\n<link rel=\"canonical\" href=\"https:\/\/leadmotor.dk\/en\/privatlivspolitik\/\" \/>\n<meta property=\"og:locale\" content=\"en_GB\" \/>\n<meta property=\"og:type\" content=\"article\" \/>\n<meta property=\"og:title\" content=\"Privatlivspolitik | LeadMotor\u00ae\" \/>\n<meta property=\"og:description\" content=\"L\u00e6s hvordan vi bruger cookies til at tilpasse vores indhold til dig og l\u00e6s vores privatlivspolitik.\" \/>\n<meta property=\"og:url\" content=\"https:\/\/leadmotor.dk\/en\/privatlivspolitik\/\" \/>\n<meta property=\"og:site_name\" content=\"LeadMotor\u00ae\" \/>\n<meta property=\"article:modified_time\" content=\"2022-05-09T07:11:51+00:00\" \/>\n<meta name=\"twitter:card\" content=\"summary_large_image\" \/>\n<meta name=\"twitter:label1\" content=\"Estimated reading time\" \/>\n\t<meta name=\"twitter:data1\" content=\"5 minutes\" \/>\n<script type=\"application\/ld+json\" class=\"yoast-schema-graph\">{\"@context\":\"https:\/\/schema.org\",\"@graph\":[{\"@type\":\"WebPage\",\"@id\":\"https:\/\/leadmotor.dk\/privatlivspolitik\/\",\"url\":\"https:\/\/leadmotor.dk\/privatlivspolitik\/\",\"name\":\"Privatlivspolitik | LeadMotor\u00ae\",\"isPartOf\":{\"@id\":\"https:\/\/leadmotor.dk\/#website\"},\"datePublished\":\"2022-02-14T08:36:19+00:00\",\"dateModified\":\"2022-05-09T07:11:51+00:00\",\"description\":\"L\u00e6s hvordan vi bruger cookies til at tilpasse vores indhold til dig og l\u00e6s vores privatlivspolitik.\",\"breadcrumb\":{\"@id\":\"https:\/\/leadmotor.dk\/privatlivspolitik\/#breadcrumb\"},\"inLanguage\":\"en-GB\",\"potentialAction\":[{\"@type\":\"ReadAction\",\"target\":[\"https:\/\/leadmotor.dk\/privatlivspolitik\/\"]}]},{\"@type\":\"BreadcrumbList\",\"@id\":\"https:\/\/leadmotor.dk\/privatlivspolitik\/#breadcrumb\",\"itemListElement\":[{\"@type\":\"ListItem\",\"position\":1,\"name\":\"Hjem\",\"item\":\"https:\/\/leadmotor.dk\/\"},{\"@type\":\"ListItem\",\"position\":2,\"name\":\"Privatlivspolitik\"}]},{\"@type\":\"WebSite\",\"@id\":\"https:\/\/leadmotor.dk\/#website\",\"url\":\"https:\/\/leadmotor.dk\/\",\"name\":\"LeadMotor\u00ae\",\"description\":\"Masksim\u00e9r dit B2B-salg med en LeadMotor\",\"publisher\":{\"@id\":\"https:\/\/leadmotor.dk\/#organization\"},\"potentialAction\":[{\"@type\":\"SearchAction\",\"target\":{\"@type\":\"EntryPoint\",\"urlTemplate\":\"https:\/\/leadmotor.dk\/?s={search_term_string}\"},\"query-input\":{\"@type\":\"PropertyValueSpecification\",\"valueRequired\":true,\"valueName\":\"search_term_string\"}}],\"inLanguage\":\"en-GB\"},{\"@type\":\"Organization\",\"@id\":\"https:\/\/leadmotor.dk\/#organization\",\"name\":\"LeadMotor ApS\",\"url\":\"https:\/\/leadmotor.dk\/\",\"logo\":{\"@type\":\"ImageObject\",\"inLanguage\":\"en-GB\",\"@id\":\"https:\/\/leadmotor.dk\/#\/schema\/logo\/image\/\",\"url\":\"https:\/\/leadmotor.dk\/wp-content\/uploads\/2022\/02\/leadmotor-logo.svg\",\"contentUrl\":\"https:\/\/leadmotor.dk\/wp-content\/uploads\/2022\/02\/leadmotor-logo.svg\",\"width\":1920,\"height\":316,\"caption\":\"LeadMotor ApS\"},\"image\":{\"@id\":\"https:\/\/leadmotor.dk\/#\/schema\/logo\/image\/\"}}]}<\/script>\n<!-- \/ Yoast SEO plugin. -->","yoast_head_json":{"title":"Privatlivspolitik | LeadMotor\u00ae","description":"L\u00e6s hvordan vi bruger cookies til at tilpasse vores indhold til dig og l\u00e6s vores privatlivspolitik.","robots":{"index":"index","follow":"follow","max-snippet":"max-snippet:-1","max-image-preview":"max-image-preview:large","max-video-preview":"max-video-preview:-1"},"canonical":"https:\/\/leadmotor.dk\/en\/privatlivspolitik\/","og_locale":"en_GB","og_type":"article","og_title":"Privatlivspolitik | LeadMotor\u00ae","og_description":"L\u00e6s hvordan vi bruger cookies til at tilpasse vores indhold til dig og l\u00e6s vores privatlivspolitik.","og_url":"https:\/\/leadmotor.dk\/en\/privatlivspolitik\/","og_site_name":"LeadMotor\u00ae","article_modified_time":"2022-05-09T07:11:51+00:00","twitter_card":"summary_large_image","twitter_misc":{"Estimated reading time":"5 minutes"},"schema":{"@context":"https:\/\/schema.org","@graph":[{"@type":"WebPage","@id":"https:\/\/leadmotor.dk\/privatlivspolitik\/","url":"https:\/\/leadmotor.dk\/privatlivspolitik\/","name":"Privatlivspolitik | LeadMotor\u00ae","isPartOf":{"@id":"https:\/\/leadmotor.dk\/#website"},"datePublished":"2022-02-14T08:36:19+00:00","dateModified":"2022-05-09T07:11:51+00:00","description":"L\u00e6s hvordan vi bruger cookies til at tilpasse vores indhold til dig og l\u00e6s vores privatlivspolitik.","breadcrumb":{"@id":"https:\/\/leadmotor.dk\/privatlivspolitik\/#breadcrumb"},"inLanguage":"en-GB","potentialAction":[{"@type":"ReadAction","target":["https:\/\/leadmotor.dk\/privatlivspolitik\/"]}]},{"@type":"BreadcrumbList","@id":"https:\/\/leadmotor.dk\/privatlivspolitik\/#breadcrumb","itemListElement":[{"@type":"ListItem","position":1,"name":"Hjem","item":"https:\/\/leadmotor.dk\/"},{"@type":"ListItem","position":2,"name":"Privatlivspolitik"}]},{"@type":"WebSite","@id":"https:\/\/leadmotor.dk\/#website","url":"https:\/\/leadmotor.dk\/","name":"LeadMotor\u00ae","description":"Masksim\u00e9r dit B2B-salg med en LeadMotor","publisher":{"@id":"https:\/\/leadmotor.dk\/#organization"},"potentialAction":[{"@type":"SearchAction","target":{"@type":"EntryPoint","urlTemplate":"https:\/\/leadmotor.dk\/?s={search_term_string}"},"query-input":{"@type":"PropertyValueSpecification","valueRequired":true,"valueName":"search_term_string"}}],"inLanguage":"en-GB"},{"@type":"Organization","@id":"https:\/\/leadmotor.dk\/#organization","name":"LeadMotor ApS","url":"https:\/\/leadmotor.dk\/","logo":{"@type":"ImageObject","inLanguage":"en-GB","@id":"https:\/\/leadmotor.dk\/#\/schema\/logo\/image\/","url":"https:\/\/leadmotor.dk\/wp-content\/uploads\/2022\/02\/leadmotor-logo.svg","contentUrl":"https:\/\/leadmotor.dk\/wp-content\/uploads\/2022\/02\/leadmotor-logo.svg","width":1920,"height":316,"caption":"LeadMotor ApS"},"image":{"@id":"https:\/\/leadmotor.dk\/#\/schema\/logo\/image\/"}}]}},"_links":{"self":[{"href":"https:\/\/leadmotor.dk\/en\/wp-json\/wp\/v2\/pages\/72","targetHints":{"allow":["GET"]}}],"collection":[{"href":"https:\/\/leadmotor.dk\/en\/wp-json\/wp\/v2\/pages"}],"about":[{"href":"https:\/\/leadmotor.dk\/en\/wp-json\/wp\/v2\/types\/page"}],"author":[{"embeddable":true,"href":"https:\/\/leadmotor.dk\/en\/wp-json\/wp\/v2\/users\/3"}],"replies":[{"embeddable":true,"href":"https:\/\/leadmotor.dk\/en\/wp-json\/wp\/v2\/comments?post=72"}],"version-history":[{"count":0,"href":"https:\/\/leadmotor.dk\/en\/wp-json\/wp\/v2\/pages\/72\/revisions"}],"wp:attachment":[{"href":"https:\/\/leadmotor.dk\/en\/wp-json\/wp\/v2\/media?parent=72"}],"curies":[{"name":"wp","href":"https:\/\/api.w.org\/{rel}","templated":true}]}}