{"id":74,"date":"2022-02-14T09:36:28","date_gmt":"2022-02-14T08:36:28","guid":{"rendered":"https:\/\/leadmotor.dk\/?page_id=74"},"modified":"2022-05-09T13:32:45","modified_gmt":"2022-05-09T11:32:45","slug":"cookiepolitik","status":"publish","type":"page","link":"https:\/\/leadmotor.dk\/en\/cookiepolitik\/","title":{"rendered":"Cookie policy"},"content":{"rendered":"<div data-elementor-type=\"wp-page\" data-elementor-id=\"74\" class=\"elementor elementor-74\" data-elementor-post-type=\"page\">\n\t\t\t\t\t\t<section class=\"elementor-section elementor-top-section elementor-element elementor-element-8b7fc29 elementor-section-boxed elementor-section-height-default elementor-section-height-default\" data-id=\"8b7fc29\" data-element_type=\"section\" data-e-type=\"section\">\n\t\t\t\t\t\t<div class=\"elementor-container elementor-column-gap-default\">\n\t\t\t\t\t<div class=\"elementor-column elementor-col-100 elementor-top-column elementor-element elementor-element-81d24ad\" data-id=\"81d24ad\" data-element_type=\"column\" data-e-type=\"column\">\n\t\t\t<div class=\"elementor-widget-wrap elementor-element-populated\">\n\t\t\t\t\t\t<div class=\"elementor-element elementor-element-0553661 elementor-widget elementor-widget-heading\" data-id=\"0553661\" data-element_type=\"widget\" data-e-type=\"widget\" data-widget_type=\"heading.default\">\n\t\t\t\t<div class=\"elementor-widget-container\">\n\t\t\t\t\t<h1 class=\"elementor-heading-title elementor-size-default\">Cookie policy<\/h1>\t\t\t\t<\/div>\n\t\t\t\t<\/div>\n\t\t\t\t<div class=\"elementor-element elementor-element-b79d57f cookies elementor-widget elementor-widget-html\" data-id=\"b79d57f\" data-element_type=\"widget\" data-e-type=\"widget\" data-widget_type=\"html.default\">\n\t\t\t\t<div class=\"elementor-widget-container\">\n\t\t\t\t\t<script id=\"CookieDeclaration\" src=\"https:\/\/consent.cookiebot.com\/fc910711-8d86-4609-ad8c-e8b1cd0d67a7\/cd.js\" type=\"text\/javascript\" async><\/script>\t\t\t\t<\/div>\n\t\t\t\t<\/div>\n\t\t\t\t<div class=\"elementor-element elementor-element-a0af78f elementor-widget elementor-widget-text-editor\" data-id=\"a0af78f\" data-element_type=\"widget\" data-e-type=\"widget\" data-widget_type=\"text-editor.default\">\n\t\t\t\t<div class=\"elementor-widget-container\">\n\t\t\t\t\t\t\t\t\t<p><strong>N\u00e5r du bes\u00f8ger hjemmesiden er du helt anonym!<\/strong><br \/>Det betyder, at vi hverken kan eller vil indsamle eller registrere oplysninger om dig automatisk, som efterf\u00f8lgende kan bruges til at identificere dig med.<\/p><p><strong>Har du udfyldt en formular eller tilmeldt dig vores nyhedsbrev<\/strong><br \/>S\u00e5 vil vi bel\u00f8nne dig med en personaliseret brugeroplevelse p\u00e5 hjemmesiden og i vores nyhedsbreve. N\u00e5r du bruger hjemmesiden, s\u00e5 l\u00e6rer vi dig at kende, s\u00e5 vi kan fremh\u00e6ve det du interesserer dig for og kun sende dig relevante nyhedsbreve.<\/p><p><strong>Funktions cookies til at leverer brugeroplevelsen p\u00e5 hjemmesiden:<\/strong><br \/>Aktiv: Ja<br \/>F\u00f8rstepartscookies: CakePHP<\/p><p>Anonym brugerstatistik:<br \/>Aktiv: Ja<br \/>F\u00f8rstpartscookies: Google Analytics, Wordspress stats<\/p><p><strong>Levering af social medie service og reklamer:<\/strong><br \/>Aktiv: Ja<br \/>F\u00f8rstepartscookies: Facebook pixel, Doubleclick Ad Exchange-buyer, Google Adwords User lists, Google Dynamic Remarketing<\/p><p><strong>Levering af personaliseret indhold og nyhedsbreve:<\/strong><br \/>Aktiv: Ja<br \/>F\u00f8rstepartscookies: __lsv fra Leadscoreapp<\/p><p><strong>Vi deler indsamlet data med f\u00f8lgende tredjeparter<\/strong><\/p><p>LeadScoreApp<br \/>ActiveCampaign<br \/>MailChimp<br \/>Facebook<br \/>Linkedin<br \/>Google<br \/>Zapier<br \/>Optinmonster<br \/>Albacross<br \/>WordPress<br \/>Podio<br \/>Dropbox<br \/>Hello Sign<\/p>\t\t\t\t\t\t\t\t<\/div>\n\t\t\t\t<\/div>\n\t\t\t\t\t<\/div>\n\t\t<\/div>\n\t\t\t\t\t<\/div>\n\t\t<\/section>\n\t\t\t\t<\/div>","protected":false},"excerpt":{"rendered":"<p>Cookiepolitik N\u00e5r du bes\u00f8ger hjemmesiden er du helt anonym!Det betyder, at vi hverken kan eller vil indsamle eller registrere oplysninger om dig automatisk, som efterf\u00f8lgende kan bruges til at identificere dig med. Har du udfyldt en formular eller tilmeldt dig vores nyhedsbrevS\u00e5 vil vi bel\u00f8nne dig med en personaliseret brugeroplevelse p\u00e5 hjemmesiden og i vores [&hellip;]<\/p>\n","protected":false},"author":3,"featured_media":0,"parent":0,"menu_order":0,"comment_status":"closed","ping_status":"closed","template":"","meta":{"_acf_changed":false,"footnotes":""},"class_list":["post-74","page","type-page","status-publish","hentry"],"acf":[],"yoast_head":"<!-- This site is optimized with the Yoast SEO plugin v26.9 - https:\/\/yoast.com\/product\/yoast-seo-wordpress\/ -->\n<title>Cookiepolitik | LeadMotor\u00ae<\/title>\n<meta name=\"robots\" content=\"index, follow, max-snippet:-1, max-image-preview:large, max-video-preview:-1\" \/>\n<link rel=\"canonical\" href=\"https:\/\/leadmotor.dk\/en\/cookiepolitik\/\" \/>\n<meta property=\"og:locale\" content=\"en_GB\" \/>\n<meta property=\"og:type\" content=\"article\" \/>\n<meta property=\"og:title\" content=\"Cookiepolitik | LeadMotor\u00ae\" \/>\n<meta property=\"og:description\" content=\"Cookiepolitik N\u00e5r du bes\u00f8ger hjemmesiden er du helt anonym!Det betyder, at vi hverken kan eller vil indsamle eller registrere oplysninger om dig automatisk, som efterf\u00f8lgende kan bruges til at identificere dig med. Har du udfyldt en formular eller tilmeldt dig vores nyhedsbrevS\u00e5 vil vi bel\u00f8nne dig med en personaliseret brugeroplevelse p\u00e5 hjemmesiden og i vores [&hellip;]\" \/>\n<meta property=\"og:url\" content=\"https:\/\/leadmotor.dk\/en\/cookiepolitik\/\" \/>\n<meta property=\"og:site_name\" content=\"LeadMotor\u00ae\" \/>\n<meta property=\"article:modified_time\" content=\"2022-05-09T11:32:45+00:00\" \/>\n<meta name=\"twitter:card\" content=\"summary_large_image\" \/>\n<meta name=\"twitter:label1\" content=\"Estimated reading time\" \/>\n\t<meta name=\"twitter:data1\" content=\"4 minutes\" \/>\n<script type=\"application\/ld+json\" class=\"yoast-schema-graph\">{\"@context\":\"https:\/\/schema.org\",\"@graph\":[{\"@type\":\"WebPage\",\"@id\":\"https:\/\/leadmotor.dk\/cookiepolitik\/\",\"url\":\"https:\/\/leadmotor.dk\/cookiepolitik\/\",\"name\":\"Cookiepolitik | LeadMotor\u00ae\",\"isPartOf\":{\"@id\":\"https:\/\/leadmotor.dk\/#website\"},\"datePublished\":\"2022-02-14T08:36:28+00:00\",\"dateModified\":\"2022-05-09T11:32:45+00:00\",\"breadcrumb\":{\"@id\":\"https:\/\/leadmotor.dk\/cookiepolitik\/#breadcrumb\"},\"inLanguage\":\"en-GB\",\"potentialAction\":[{\"@type\":\"ReadAction\",\"target\":[\"https:\/\/leadmotor.dk\/cookiepolitik\/\"]}]},{\"@type\":\"BreadcrumbList\",\"@id\":\"https:\/\/leadmotor.dk\/cookiepolitik\/#breadcrumb\",\"itemListElement\":[{\"@type\":\"ListItem\",\"position\":1,\"name\":\"Hjem\",\"item\":\"https:\/\/leadmotor.dk\/\"},{\"@type\":\"ListItem\",\"position\":2,\"name\":\"Cookiepolitik\"}]},{\"@type\":\"WebSite\",\"@id\":\"https:\/\/leadmotor.dk\/#website\",\"url\":\"https:\/\/leadmotor.dk\/\",\"name\":\"LeadMotor\u00ae\",\"description\":\"Masksim\u00e9r dit B2B-salg med en LeadMotor\",\"publisher\":{\"@id\":\"https:\/\/leadmotor.dk\/#organization\"},\"potentialAction\":[{\"@type\":\"SearchAction\",\"target\":{\"@type\":\"EntryPoint\",\"urlTemplate\":\"https:\/\/leadmotor.dk\/?s={search_term_string}\"},\"query-input\":{\"@type\":\"PropertyValueSpecification\",\"valueRequired\":true,\"valueName\":\"search_term_string\"}}],\"inLanguage\":\"en-GB\"},{\"@type\":\"Organization\",\"@id\":\"https:\/\/leadmotor.dk\/#organization\",\"name\":\"LeadMotor ApS\",\"url\":\"https:\/\/leadmotor.dk\/\",\"logo\":{\"@type\":\"ImageObject\",\"inLanguage\":\"en-GB\",\"@id\":\"https:\/\/leadmotor.dk\/#\/schema\/logo\/image\/\",\"url\":\"https:\/\/leadmotor.dk\/wp-content\/uploads\/2022\/02\/leadmotor-logo.svg\",\"contentUrl\":\"https:\/\/leadmotor.dk\/wp-content\/uploads\/2022\/02\/leadmotor-logo.svg\",\"width\":1920,\"height\":316,\"caption\":\"LeadMotor ApS\"},\"image\":{\"@id\":\"https:\/\/leadmotor.dk\/#\/schema\/logo\/image\/\"}}]}<\/script>\n<!-- \/ Yoast SEO plugin. -->","yoast_head_json":{"title":"Cookiepolitik | LeadMotor\u00ae","robots":{"index":"index","follow":"follow","max-snippet":"max-snippet:-1","max-image-preview":"max-image-preview:large","max-video-preview":"max-video-preview:-1"},"canonical":"https:\/\/leadmotor.dk\/en\/cookiepolitik\/","og_locale":"en_GB","og_type":"article","og_title":"Cookiepolitik | LeadMotor\u00ae","og_description":"Cookiepolitik N\u00e5r du bes\u00f8ger hjemmesiden er du helt anonym!Det betyder, at vi hverken kan eller vil indsamle eller registrere oplysninger om dig automatisk, som efterf\u00f8lgende kan bruges til at identificere dig med. Har du udfyldt en formular eller tilmeldt dig vores nyhedsbrevS\u00e5 vil vi bel\u00f8nne dig med en personaliseret brugeroplevelse p\u00e5 hjemmesiden og i vores [&hellip;]","og_url":"https:\/\/leadmotor.dk\/en\/cookiepolitik\/","og_site_name":"LeadMotor\u00ae","article_modified_time":"2022-05-09T11:32:45+00:00","twitter_card":"summary_large_image","twitter_misc":{"Estimated reading time":"4 minutes"},"schema":{"@context":"https:\/\/schema.org","@graph":[{"@type":"WebPage","@id":"https:\/\/leadmotor.dk\/cookiepolitik\/","url":"https:\/\/leadmotor.dk\/cookiepolitik\/","name":"Cookiepolitik | LeadMotor\u00ae","isPartOf":{"@id":"https:\/\/leadmotor.dk\/#website"},"datePublished":"2022-02-14T08:36:28+00:00","dateModified":"2022-05-09T11:32:45+00:00","breadcrumb":{"@id":"https:\/\/leadmotor.dk\/cookiepolitik\/#breadcrumb"},"inLanguage":"en-GB","potentialAction":[{"@type":"ReadAction","target":["https:\/\/leadmotor.dk\/cookiepolitik\/"]}]},{"@type":"BreadcrumbList","@id":"https:\/\/leadmotor.dk\/cookiepolitik\/#breadcrumb","itemListElement":[{"@type":"ListItem","position":1,"name":"Hjem","item":"https:\/\/leadmotor.dk\/"},{"@type":"ListItem","position":2,"name":"Cookiepolitik"}]},{"@type":"WebSite","@id":"https:\/\/leadmotor.dk\/#website","url":"https:\/\/leadmotor.dk\/","name":"LeadMotor\u00ae","description":"Masksim\u00e9r dit B2B-salg med en LeadMotor","publisher":{"@id":"https:\/\/leadmotor.dk\/#organization"},"potentialAction":[{"@type":"SearchAction","target":{"@type":"EntryPoint","urlTemplate":"https:\/\/leadmotor.dk\/?s={search_term_string}"},"query-input":{"@type":"PropertyValueSpecification","valueRequired":true,"valueName":"search_term_string"}}],"inLanguage":"en-GB"},{"@type":"Organization","@id":"https:\/\/leadmotor.dk\/#organization","name":"LeadMotor ApS","url":"https:\/\/leadmotor.dk\/","logo":{"@type":"ImageObject","inLanguage":"en-GB","@id":"https:\/\/leadmotor.dk\/#\/schema\/logo\/image\/","url":"https:\/\/leadmotor.dk\/wp-content\/uploads\/2022\/02\/leadmotor-logo.svg","contentUrl":"https:\/\/leadmotor.dk\/wp-content\/uploads\/2022\/02\/leadmotor-logo.svg","width":1920,"height":316,"caption":"LeadMotor ApS"},"image":{"@id":"https:\/\/leadmotor.dk\/#\/schema\/logo\/image\/"}}]}},"_links":{"self":[{"href":"https:\/\/leadmotor.dk\/en\/wp-json\/wp\/v2\/pages\/74","targetHints":{"allow":["GET"]}}],"collection":[{"href":"https:\/\/leadmotor.dk\/en\/wp-json\/wp\/v2\/pages"}],"about":[{"href":"https:\/\/leadmotor.dk\/en\/wp-json\/wp\/v2\/types\/page"}],"author":[{"embeddable":true,"href":"https:\/\/leadmotor.dk\/en\/wp-json\/wp\/v2\/users\/3"}],"replies":[{"embeddable":true,"href":"https:\/\/leadmotor.dk\/en\/wp-json\/wp\/v2\/comments?post=74"}],"version-history":[{"count":0,"href":"https:\/\/leadmotor.dk\/en\/wp-json\/wp\/v2\/pages\/74\/revisions"}],"wp:attachment":[{"href":"https:\/\/leadmotor.dk\/en\/wp-json\/wp\/v2\/media?parent=74"}],"curies":[{"name":"wp","href":"https:\/\/api.w.org\/{rel}","templated":true}]}}